{"id":2590,"date":"2024-05-03T09:33:37","date_gmt":"2024-05-03T07:33:37","guid":{"rendered":"https:\/\/www.oz-vaujany.com\/ete\/?page_id=2590"},"modified":"2026-01-30T10:33:34","modified_gmt":"2026-01-30T09:33:34","slug":"events","status":"publish","type":"page","link":"https:\/\/www.oz-vaujany.com\/ete\/en\/events\/","title":{"rendered":"Events"},"content":{"rendered":"\t\t<div data-elementor-type=\"wp-page\" data-elementor-id=\"2590\" class=\"elementor elementor-2590\" data-elementor-post-type=\"page\">\n\t\t\t\t\t\t<section data-particle_enable=\"false\" data-particle-mobile-disabled=\"false\" class=\"elementor-section elementor-top-section elementor-element elementor-element-7bd80cd elementor-section-boxed elementor-section-height-default elementor-section-height-default\" data-id=\"7bd80cd\" data-element_type=\"section\">\n\t\t\t\t\t\t<div class=\"elementor-container elementor-column-gap-default\">\n\t\t\t\t\t<div class=\"elementor-column elementor-col-50 elementor-top-column elementor-element elementor-element-a7d0af9\" data-id=\"a7d0af9\" data-element_type=\"column\">\n\t\t\t<div class=\"elementor-widget-wrap elementor-element-populated\">\n\t\t\t\t\t\t<div class=\"elementor-element elementor-element-e9f9de1 elementor-cta--skin-cover elementor-cta--valign-bottom elementor-widget elementor-widget-call-to-action\" data-id=\"e9f9de1\" data-element_type=\"widget\" data-widget_type=\"call-to-action.default\">\n\t\t\t\t<div class=\"elementor-widget-container\">\n\t\t\t\t\t\t\t<a class=\"elementor-cta\" href=\"https:\/\/www.opgevenisgeenoptie.nl\/\" target=\"_blank\">\n\t\t\t\t\t<div class=\"elementor-cta__bg-wrapper\">\n\t\t\t\t<div class=\"elementor-cta__bg elementor-bg\" style=\"background-image: url(https:\/\/www.oz-vaujany.com\/ete\/wp-content\/uploads\/sites\/17\/2023\/05\/9413751.jpg);\" role=\"img\" aria-label=\"9413751\"><\/div>\n\t\t\t\t<div class=\"elementor-cta__bg-overlay\"><\/div>\n\t\t\t<\/div>\n\t\t\t\t\t\t\t<div class=\"elementor-cta__content\">\n\t\t\t\t\n\t\t\t\t\t\t\t\t\t<div class=\"elementor-cta__title elementor-cta__content-item elementor-content-item\">\n\t\t\t\t\t\t4 june 2026 - Alpe d\u2019huzes\t\t\t\t\t<\/div>\n\t\t\t\t\n\t\t\t\t\t\t\t\t\t<div class=\"elementor-cta__description elementor-cta__content-item elementor-content-item\">\n\t\t\t\t\t\t5,000 cyclists, alone or in teams, will climb the legendary 21 bends of the Alpe d'Huez up to 6 times in one day. The aim of these six climbs is to collect donations for the KWF, the official Dutch foundation for the fight against cancer.\t\t\t\t\t<\/div>\n\t\t\t\t\n\t\t\t\t\t\t\t\t\t<div class=\"elementor-cta__button-wrapper elementor-cta__content-item elementor-content-item \">\n\t\t\t\t\t<span class=\"elementor-cta__button elementor-button elementor-size-\">\n\t\t\t\t\t\tLearn More\t\t\t\t\t<\/span>\n\t\t\t\t\t<\/div>\n\t\t\t\t\t\t\t<\/div>\n\t\t\t\t\t\t<\/a>\n\t\t\t\t\t\t<\/div>\n\t\t\t\t<\/div>\n\t\t\t\t\t<\/div>\n\t\t<\/div>\n\t\t\t\t<div class=\"elementor-column elementor-col-50 elementor-top-column elementor-element elementor-element-049ab13\" data-id=\"049ab13\" data-element_type=\"column\">\n\t\t\t<div class=\"elementor-widget-wrap elementor-element-populated\">\n\t\t\t\t\t\t<div class=\"elementor-element elementor-element-fb91ea9 elementor-cta--skin-cover elementor-cta--valign-bottom elementor-widget elementor-widget-call-to-action\" data-id=\"fb91ea9\" data-element_type=\"widget\" data-widget_type=\"call-to-action.default\">\n\t\t\t\t<div class=\"elementor-widget-container\">\n\t\t\t\t\t\t\t<a class=\"elementor-cta\" href=\"https:\/\/marmottegranfondoalpes.com\/\" target=\"_blank\">\n\t\t\t\t\t<div class=\"elementor-cta__bg-wrapper\">\n\t\t\t\t<div class=\"elementor-cta__bg elementor-bg\" style=\"background-image: url(https:\/\/www.oz-vaujany.com\/ete\/wp-content\/uploads\/sites\/17\/2024\/04\/Marmotte_Granfondo_Griboval_manon.jpg);\" role=\"img\" aria-label=\"Marmotte_Granfondo_Griboval_manon\"><\/div>\n\t\t\t\t<div class=\"elementor-cta__bg-overlay\"><\/div>\n\t\t\t<\/div>\n\t\t\t\t\t\t\t<div class=\"elementor-cta__content\">\n\t\t\t\t\n\t\t\t\t\t\t\t\t\t<div class=\"elementor-cta__title elementor-cta__content-item elementor-content-item\">\n\t\t\t\t\t\t28 june 2026 - Marmotte Granfondo\t\t\t\t\t<\/div>\n\t\t\t\t\n\t\t\t\t\t\t\t\t\t<div class=\"elementor-cta__description elementor-cta__content-item elementor-content-item\">\n\t\t\t\t\t\tEvery cyclist has at some time heard the name of this legendary race, for the beauty of its route, and undoubtedly for the difficulty and sequence of its legendary passes. The Marmotte Granfondo Alpes has become the must-attend international cyclosportive event...\t\t\t\t\t<\/div>\n\t\t\t\t\n\t\t\t\t\t\t\t\t\t<div class=\"elementor-cta__button-wrapper elementor-cta__content-item elementor-content-item \">\n\t\t\t\t\t<span class=\"elementor-cta__button elementor-button elementor-size-\">\n\t\t\t\t\t\tLearn more\t\t\t\t\t<\/span>\n\t\t\t\t\t<\/div>\n\t\t\t\t\t\t\t<\/div>\n\t\t\t\t\t\t<\/a>\n\t\t\t\t\t\t<\/div>\n\t\t\t\t<\/div>\n\t\t\t\t\t<\/div>\n\t\t<\/div>\n\t\t\t\t\t<\/div>\n\t\t<\/section>\n\t\t\t\t<section data-particle_enable=\"false\" data-particle-mobile-disabled=\"false\" class=\"elementor-section elementor-top-section elementor-element elementor-element-31c3434 elementor-section-boxed elementor-section-height-default elementor-section-height-default\" data-id=\"31c3434\" data-element_type=\"section\">\n\t\t\t\t\t\t<div class=\"elementor-container elementor-column-gap-default\">\n\t\t\t\t\t<div class=\"elementor-column elementor-col-50 elementor-top-column elementor-element elementor-element-b65f288\" data-id=\"b65f288\" data-element_type=\"column\">\n\t\t\t<div class=\"elementor-widget-wrap elementor-element-populated\">\n\t\t\t\t\t\t<div class=\"elementor-element elementor-element-3c86b04 elementor-cta--skin-cover elementor-cta--valign-bottom elementor-widget elementor-widget-call-to-action\" data-id=\"3c86b04\" data-element_type=\"widget\" data-widget_type=\"call-to-action.default\">\n\t\t\t\t<div class=\"elementor-widget-container\">\n\t\t\t\t\t\t\t<div class=\"elementor-cta\">\n\t\t\t\t\t<div class=\"elementor-cta__bg-wrapper\">\n\t\t\t\t<div class=\"elementor-cta__bg elementor-bg\" style=\"background-image: url(https:\/\/www.oz-vaujany.com\/ete\/wp-content\/uploads\/sites\/17\/2023\/05\/3-1.jpg);\" role=\"img\" aria-label=\"3 (1)\"><\/div>\n\t\t\t\t<div class=\"elementor-cta__bg-overlay\"><\/div>\n\t\t\t<\/div>\n\t\t\t\t\t\t\t<div class=\"elementor-cta__content\">\n\t\t\t\t\n\t\t\t\t\t\t\t\t\t<div class=\"elementor-cta__title elementor-cta__content-item elementor-content-item\">\n\t\t\t\t\t\tJuly 10-12 2026- Megavalanche\t\t\t\t\t<\/div>\n\t\t\t\t\n\t\t\t\t\t\t\t\t\t<div class=\"elementor-cta__description elementor-cta__content-item elementor-content-item\">\n\t\t\t\t\t\tSince 1995, mountain bikers from all over the world have gathered at Alpe d\u2019Huez for the Megavalanche! A mass start at 3,330 m on the glacier, a finish in Allemond 2,600 m lower down \u2014 the longest and wildest DH marathon in the world.\t\t\t\t\t<\/div>\n\t\t\t\t\n\t\t\t\t\t\t\t\t\t<div class=\"elementor-cta__button-wrapper elementor-cta__content-item elementor-content-item \">\n\t\t\t\t\t<a class=\"elementor-cta__button elementor-button elementor-size-\">\n\t\t\t\t\t\tLearn more\t\t\t\t\t<\/a>\n\t\t\t\t\t<\/div>\n\t\t\t\t\t\t\t<\/div>\n\t\t\t\t\t\t<\/div>\n\t\t\t\t\t\t<\/div>\n\t\t\t\t<\/div>\n\t\t\t\t\t<\/div>\n\t\t<\/div>\n\t\t\t\t<div class=\"elementor-column elementor-col-50 elementor-top-column elementor-element elementor-element-dccabb9\" data-id=\"dccabb9\" data-element_type=\"column\">\n\t\t\t<div class=\"elementor-widget-wrap elementor-element-populated\">\n\t\t\t\t\t\t<div class=\"elementor-element elementor-element-19624e5 elementor-cta--skin-cover elementor-cta--valign-bottom elementor-widget elementor-widget-call-to-action\" data-id=\"19624e5\" data-element_type=\"widget\" data-widget_type=\"call-to-action.default\">\n\t\t\t\t<div class=\"elementor-widget-container\">\n\t\t\t\t\t\t\t<a class=\"elementor-cta\" href=\"https:\/\/oisanstrailtour.fr\/\" target=\"_blank\">\n\t\t\t\t\t<div class=\"elementor-cta__bg-wrapper\">\n\t\t\t\t<div class=\"elementor-cta__bg elementor-bg\" style=\"background-image: url(https:\/\/www.oz-vaujany.com\/ete\/wp-content\/uploads\/sites\/17\/2023\/05\/Logo-Oisans-Trail-Tour.png);\" role=\"img\" aria-label=\"Logo-Oisans-Trail-Tour\"><\/div>\n\t\t\t\t<div class=\"elementor-cta__bg-overlay\"><\/div>\n\t\t\t<\/div>\n\t\t\t\t\t\t\t<div class=\"elementor-cta__content\">\n\t\t\t\t\n\t\t\t\t\t\t\t\t\t<div class=\"elementor-cta__title elementor-cta__content-item elementor-content-item\">\n\t\t\t\t\t\t16 and 18 july 2026 - Oisans Trail Tour\t\t\t\t\t<\/div>\n\t\t\t\t\n\t\t\t\t\t\t\t\t\t<div class=\"elementor-cta__description elementor-cta__content-item elementor-content-item\">\n\t\t\t\t\t\tLike every year, the organisers are offering a different route to previous years! The start of the race will be in Villard Reculas, and after Auris en Oisans, you'll make your way to Besse en Oisans along a magnificent balcony path.\t\t\t\t\t<\/div>\n\t\t\t\t\n\t\t\t\t\t\t\t\t\t<div class=\"elementor-cta__button-wrapper elementor-cta__content-item elementor-content-item \">\n\t\t\t\t\t<span class=\"elementor-cta__button elementor-button elementor-size-\">\n\t\t\t\t\t\tLearn more\t\t\t\t\t<\/span>\n\t\t\t\t\t<\/div>\n\t\t\t\t\t\t\t<\/div>\n\t\t\t\t\t\t<\/a>\n\t\t\t\t\t\t<\/div>\n\t\t\t\t<\/div>\n\t\t\t\t\t<\/div>\n\t\t<\/div>\n\t\t\t\t\t<\/div>\n\t\t<\/section>\n\t\t\t\t<section data-particle_enable=\"false\" data-particle-mobile-disabled=\"false\" class=\"elementor-section elementor-top-section elementor-element elementor-element-86f93db elementor-hidden-desktop elementor-hidden-tablet elementor-hidden-mobile elementor-section-boxed elementor-section-height-default elementor-section-height-default\" data-id=\"86f93db\" data-element_type=\"section\">\n\t\t\t\t\t\t<div class=\"elementor-container elementor-column-gap-default\">\n\t\t\t\t\t<div class=\"elementor-column elementor-col-50 elementor-top-column elementor-element elementor-element-e395368\" data-id=\"e395368\" data-element_type=\"column\">\n\t\t\t<div class=\"elementor-widget-wrap elementor-element-populated\">\n\t\t\t\t\t\t<div class=\"elementor-element elementor-element-2585c79 elementor-cta--skin-cover elementor-cta--valign-bottom elementor-widget elementor-widget-call-to-action\" data-id=\"2585c79\" data-element_type=\"widget\" data-widget_type=\"call-to-action.default\">\n\t\t\t\t<div class=\"elementor-widget-container\">\n\t\t\t\t\t\t\t<a class=\"elementor-cta\" href=\"https:\/\/alpe21.fr\/\" target=\"_blank\">\n\t\t\t\t\t<div class=\"elementor-cta__bg-wrapper\">\n\t\t\t\t<div class=\"elementor-cta__bg elementor-bg\" style=\"background-image: url(https:\/\/www.oz-vaujany.com\/ete\/wp-content\/uploads\/sites\/17\/2023\/05\/logo_site.png);\" role=\"img\" aria-label=\"logo_site\"><\/div>\n\t\t\t\t<div class=\"elementor-cta__bg-overlay\"><\/div>\n\t\t\t<\/div>\n\t\t\t\t\t\t\t<div class=\"elementor-cta__content\">\n\t\t\t\t\n\t\t\t\t\t\t\t\t\t<div class=\"elementor-cta__title elementor-cta__content-item elementor-content-item\">\n\t\t\t\t\t\t11 august 2024 - Alpe Express\t\t\t\t\t<\/div>\n\t\t\t\t\n\t\t\t\t\t\t\t\t\t<div class=\"elementor-cta__description elementor-cta__content-item elementor-content-item\">\n\t\t\t\t\t\tThe Alpe d'Huez 21 sports association is organising four races in August 2024: a road race, a mini vertical kilometre, a vertical race and a trail. With these various foot races, the association aims to help you discover Alpe d'Huez in a different way.\t\t\t\t\t<\/div>\n\t\t\t\t\n\t\t\t\t\t\t\t\t\t<div class=\"elementor-cta__button-wrapper elementor-cta__content-item elementor-content-item \">\n\t\t\t\t\t<span class=\"elementor-cta__button elementor-button elementor-size-\">\n\t\t\t\t\t\tlearn more\t\t\t\t\t<\/span>\n\t\t\t\t\t<\/div>\n\t\t\t\t\t\t\t<\/div>\n\t\t\t\t\t\t<\/a>\n\t\t\t\t\t\t<\/div>\n\t\t\t\t<\/div>\n\t\t\t\t\t<\/div>\n\t\t<\/div>\n\t\t\t\t<div class=\"elementor-column elementor-col-50 elementor-top-column elementor-element elementor-element-b30e5df\" data-id=\"b30e5df\" data-element_type=\"column\">\n\t\t\t<div class=\"elementor-widget-wrap elementor-element-populated\">\n\t\t\t\t\t\t<div class=\"elementor-element elementor-element-99d9384 elementor-cta--skin-cover elementor-cta--valign-bottom elementor-animated-content elementor-bg-transform elementor-bg-transform-zoom-in elementor-widget elementor-widget-call-to-action\" data-id=\"99d9384\" data-element_type=\"widget\" data-widget_type=\"call-to-action.default\">\n\t\t\t\t<div class=\"elementor-widget-container\">\n\t\t\t\t\t\t\t<a class=\"elementor-cta\" href=\"https:\/\/endurodesalpes.com\/enduro-madoz\/\">\n\t\t\t\t\t<div class=\"elementor-cta__bg-wrapper\">\n\t\t\t\t<div class=\"elementor-cta__bg elementor-bg\" style=\"background-image: url(https:\/\/www.oz-vaujany.com\/ete\/wp-content\/uploads\/sites\/17\/2023\/07\/MadOZ-selectionHD-BDufour-aDSCF9813-copie-compressed-scaled.jpg);\" role=\"img\" aria-label=\"Photo Madoz\"><\/div>\n\t\t\t\t<div class=\"elementor-cta__bg-overlay\"><\/div>\n\t\t\t<\/div>\n\t\t\t\t\t\t\t<div class=\"elementor-cta__content\">\n\t\t\t\t\n\t\t\t\t\t\t\t\t\t<div class=\"elementor-cta__title elementor-cta__content-item elementor-content-item elementor-animated-item--grow\">\n\t\t\t\t\t\t24 and 25 august 2024 - Troph\u00e9e enduro des Alpes\t\t\t\t\t<\/div>\n\t\t\t\t\n\t\t\t\t\t\t\t\t\t<div class=\"elementor-cta__description elementor-cta__content-item elementor-content-item elementor-animated-item--grow\">\n\t\t\t\t\t\tFor the 4th edition of the Troph\u00e9e enduro des Alpes, book your 24th and 25th August for an Enduro weekend. 5 special stages with 32km, almost 3500m D- and 600m D+ to pedal! (This information is given as an indication and may be modified between now and the date of the enduro)\n\t\t\t\t\t<\/div>\n\t\t\t\t\n\t\t\t\t\t\t\t\t\t<div class=\"elementor-cta__button-wrapper elementor-cta__content-item elementor-content-item elementor-animated-item--grow\">\n\t\t\t\t\t<span class=\"elementor-cta__button elementor-button elementor-size-\">\n\t\t\t\t\t\tlearn more\t\t\t\t\t<\/span>\n\t\t\t\t\t<\/div>\n\t\t\t\t\t\t\t<\/div>\n\t\t\t\t\t\t<\/a>\n\t\t\t\t\t\t<\/div>\n\t\t\t\t<\/div>\n\t\t\t\t\t<\/div>\n\t\t<\/div>\n\t\t\t\t\t<\/div>\n\t\t<\/section>\n\t\t\t\t<\/div>\n\t\t","protected":false},"excerpt":{"rendered":"<p>4 june 2026 &#8211; Alpe d\u2019huzes 5,000 cyclists, alone or in teams, will climb the legendary 21 bends of the Alpe d&rsquo;Huez up to 6 times in one day. The aim of these six climbs is to collect donations for the KWF, the official Dutch foundation for the fight against cancer. Learn More 28 june [&hellip;]<\/p>\n","protected":false},"author":30,"featured_media":0,"parent":0,"menu_order":0,"comment_status":"closed","ping_status":"closed","template":"","meta":{"footnotes":"","_links_to":"","_links_to_target":""},"class_list":["post-2590","page","type-page","status-publish","hentry"],"yoast_head":"<!-- This site is optimized with the Yoast SEO plugin v25.2 - https:\/\/yoast.com\/wordpress\/plugins\/seo\/ -->\n<title>Events - Oz Vaujany \u00e9t\u00e9<\/title>\n<meta name=\"robots\" content=\"index, follow, max-snippet:-1, max-image-preview:large, max-video-preview:-1\" \/>\n<link rel=\"canonical\" href=\"https:\/\/www.oz-vaujany.com\/ete\/en\/events\/\" \/>\n<meta property=\"og:locale\" content=\"fr_FR\" \/>\n<meta property=\"og:type\" content=\"article\" \/>\n<meta property=\"og:title\" content=\"Events - Oz Vaujany \u00e9t\u00e9\" \/>\n<meta property=\"og:description\" content=\"4 june 2026 &#8211; Alpe d\u2019huzes 5,000 cyclists, alone or in teams, will climb the legendary 21 bends of the Alpe d&rsquo;Huez up to 6 times in one day. The aim of these six climbs is to collect donations for the KWF, the official Dutch foundation for the fight against cancer. Learn More 28 june [&hellip;]\" \/>\n<meta property=\"og:url\" content=\"https:\/\/www.oz-vaujany.com\/ete\/en\/events\/\" \/>\n<meta property=\"og:site_name\" content=\"Oz Vaujany \u00e9t\u00e9\" \/>\n<meta property=\"article:modified_time\" content=\"2026-01-30T09:33:34+00:00\" \/>\n<meta name=\"twitter:card\" content=\"summary_large_image\" \/>\n<meta name=\"twitter:label1\" content=\"Dur\u00e9e de lecture estim\u00e9e\" \/>\n\t<meta name=\"twitter:data1\" content=\"2 minutes\" \/>\n<script type=\"application\/ld+json\" class=\"yoast-schema-graph\">{\"@context\":\"https:\/\/schema.org\",\"@graph\":[{\"@type\":\"WebPage\",\"@id\":\"https:\/\/www.oz-vaujany.com\/ete\/en\/events\/\",\"url\":\"https:\/\/www.oz-vaujany.com\/ete\/en\/events\/\",\"name\":\"Events - Oz Vaujany \u00e9t\u00e9\",\"isPartOf\":{\"@id\":\"https:\/\/www.oz-vaujany.com\/ete\/#website\"},\"datePublished\":\"2024-05-03T07:33:37+00:00\",\"dateModified\":\"2026-01-30T09:33:34+00:00\",\"breadcrumb\":{\"@id\":\"https:\/\/www.oz-vaujany.com\/ete\/en\/events\/#breadcrumb\"},\"inLanguage\":\"fr-FR\",\"potentialAction\":[{\"@type\":\"ReadAction\",\"target\":[\"https:\/\/www.oz-vaujany.com\/ete\/en\/events\/\"]}]},{\"@type\":\"BreadcrumbList\",\"@id\":\"https:\/\/www.oz-vaujany.com\/ete\/en\/events\/#breadcrumb\",\"itemListElement\":[{\"@type\":\"ListItem\",\"position\":1,\"name\":\"Accueil\",\"item\":\"https:\/\/www.oz-vaujany.com\/ete\/\"},{\"@type\":\"ListItem\",\"position\":2,\"name\":\"Events\"}]},{\"@type\":\"WebSite\",\"@id\":\"https:\/\/www.oz-vaujany.com\/ete\/#website\",\"url\":\"https:\/\/www.oz-vaujany.com\/ete\/\",\"name\":\"Oz Vaujany \u00e9t\u00e9\",\"description\":\"Le site de vente en ligne d&#039;Oz Vaujany\",\"publisher\":{\"@id\":\"https:\/\/www.oz-vaujany.com\/ete\/#organization\"},\"potentialAction\":[{\"@type\":\"SearchAction\",\"target\":{\"@type\":\"EntryPoint\",\"urlTemplate\":\"https:\/\/www.oz-vaujany.com\/ete\/?s={search_term_string}\"},\"query-input\":{\"@type\":\"PropertyValueSpecification\",\"valueRequired\":true,\"valueName\":\"search_term_string\"}}],\"inLanguage\":\"fr-FR\"},{\"@type\":\"Organization\",\"@id\":\"https:\/\/www.oz-vaujany.com\/ete\/#organization\",\"name\":\"Oz-Vaujany\",\"url\":\"https:\/\/www.oz-vaujany.com\/ete\/\",\"logo\":{\"@type\":\"ImageObject\",\"inLanguage\":\"fr-FR\",\"@id\":\"https:\/\/www.oz-vaujany.com\/ete\/#\/schema\/logo\/image\/\",\"url\":\"https:\/\/www.oz-vaujany.com\/ete\/wp-content\/uploads\/sites\/17\/2023\/06\/logo-ozvaujany-2.png\",\"contentUrl\":\"https:\/\/www.oz-vaujany.com\/ete\/wp-content\/uploads\/sites\/17\/2023\/06\/logo-ozvaujany-2.png\",\"width\":600,\"height\":206,\"caption\":\"Oz-Vaujany\"},\"image\":{\"@id\":\"https:\/\/www.oz-vaujany.com\/ete\/#\/schema\/logo\/image\/\"}}]}<\/script>\n<!-- \/ Yoast SEO plugin. -->","yoast_head_json":{"title":"Events - Oz Vaujany \u00e9t\u00e9","robots":{"index":"index","follow":"follow","max-snippet":"max-snippet:-1","max-image-preview":"max-image-preview:large","max-video-preview":"max-video-preview:-1"},"canonical":"https:\/\/www.oz-vaujany.com\/ete\/en\/events\/","og_locale":"fr_FR","og_type":"article","og_title":"Events - Oz Vaujany \u00e9t\u00e9","og_description":"4 june 2026 &#8211; Alpe d\u2019huzes 5,000 cyclists, alone or in teams, will climb the legendary 21 bends of the Alpe d&rsquo;Huez up to 6 times in one day. The aim of these six climbs is to collect donations for the KWF, the official Dutch foundation for the fight against cancer. Learn More 28 june [&hellip;]","og_url":"https:\/\/www.oz-vaujany.com\/ete\/en\/events\/","og_site_name":"Oz Vaujany \u00e9t\u00e9","article_modified_time":"2026-01-30T09:33:34+00:00","twitter_card":"summary_large_image","twitter_misc":{"Dur\u00e9e de lecture estim\u00e9e":"2 minutes"},"schema":{"@context":"https:\/\/schema.org","@graph":[{"@type":"WebPage","@id":"https:\/\/www.oz-vaujany.com\/ete\/en\/events\/","url":"https:\/\/www.oz-vaujany.com\/ete\/en\/events\/","name":"Events - Oz Vaujany \u00e9t\u00e9","isPartOf":{"@id":"https:\/\/www.oz-vaujany.com\/ete\/#website"},"datePublished":"2024-05-03T07:33:37+00:00","dateModified":"2026-01-30T09:33:34+00:00","breadcrumb":{"@id":"https:\/\/www.oz-vaujany.com\/ete\/en\/events\/#breadcrumb"},"inLanguage":"fr-FR","potentialAction":[{"@type":"ReadAction","target":["https:\/\/www.oz-vaujany.com\/ete\/en\/events\/"]}]},{"@type":"BreadcrumbList","@id":"https:\/\/www.oz-vaujany.com\/ete\/en\/events\/#breadcrumb","itemListElement":[{"@type":"ListItem","position":1,"name":"Accueil","item":"https:\/\/www.oz-vaujany.com\/ete\/"},{"@type":"ListItem","position":2,"name":"Events"}]},{"@type":"WebSite","@id":"https:\/\/www.oz-vaujany.com\/ete\/#website","url":"https:\/\/www.oz-vaujany.com\/ete\/","name":"Oz Vaujany \u00e9t\u00e9","description":"Le site de vente en ligne d&#039;Oz Vaujany","publisher":{"@id":"https:\/\/www.oz-vaujany.com\/ete\/#organization"},"potentialAction":[{"@type":"SearchAction","target":{"@type":"EntryPoint","urlTemplate":"https:\/\/www.oz-vaujany.com\/ete\/?s={search_term_string}"},"query-input":{"@type":"PropertyValueSpecification","valueRequired":true,"valueName":"search_term_string"}}],"inLanguage":"fr-FR"},{"@type":"Organization","@id":"https:\/\/www.oz-vaujany.com\/ete\/#organization","name":"Oz-Vaujany","url":"https:\/\/www.oz-vaujany.com\/ete\/","logo":{"@type":"ImageObject","inLanguage":"fr-FR","@id":"https:\/\/www.oz-vaujany.com\/ete\/#\/schema\/logo\/image\/","url":"https:\/\/www.oz-vaujany.com\/ete\/wp-content\/uploads\/sites\/17\/2023\/06\/logo-ozvaujany-2.png","contentUrl":"https:\/\/www.oz-vaujany.com\/ete\/wp-content\/uploads\/sites\/17\/2023\/06\/logo-ozvaujany-2.png","width":600,"height":206,"caption":"Oz-Vaujany"},"image":{"@id":"https:\/\/www.oz-vaujany.com\/ete\/#\/schema\/logo\/image\/"}}]}},"publishpress_future_action":{"enabled":false,"date":"2026-04-24 04:20:33","action":"change-status","newStatus":"draft","terms":[],"taxonomy":"language"},"publishpress_future_workflow_manual_trigger":{"enabledWorkflows":[]},"_links":{"self":[{"href":"https:\/\/www.oz-vaujany.com\/ete\/wp-json\/wp\/v2\/pages\/2590","targetHints":{"allow":["GET"]}}],"collection":[{"href":"https:\/\/www.oz-vaujany.com\/ete\/wp-json\/wp\/v2\/pages"}],"about":[{"href":"https:\/\/www.oz-vaujany.com\/ete\/wp-json\/wp\/v2\/types\/page"}],"author":[{"embeddable":true,"href":"https:\/\/www.oz-vaujany.com\/ete\/wp-json\/wp\/v2\/users\/30"}],"replies":[{"embeddable":true,"href":"https:\/\/www.oz-vaujany.com\/ete\/wp-json\/wp\/v2\/comments?post=2590"}],"version-history":[{"count":32,"href":"https:\/\/www.oz-vaujany.com\/ete\/wp-json\/wp\/v2\/pages\/2590\/revisions"}],"predecessor-version":[{"id":3935,"href":"https:\/\/www.oz-vaujany.com\/ete\/wp-json\/wp\/v2\/pages\/2590\/revisions\/3935"}],"wp:attachment":[{"href":"https:\/\/www.oz-vaujany.com\/ete\/wp-json\/wp\/v2\/media?parent=2590"}],"curies":[{"name":"wp","href":"https:\/\/api.w.org\/{rel}","templated":true}]}}